{"id":3468,"date":"2021-11-10T21:38:39","date_gmt":"2021-11-10T20:38:39","guid":{"rendered":"https:\/\/jhrealestate.es\/politica-de-cookies\/"},"modified":"2025-06-24T05:16:25","modified_gmt":"2025-06-24T03:16:25","slug":"politica-de-cookies","status":"publish","type":"page","link":"https:\/\/jhrealestate.es\/de\/politica-de-cookies\/","title":{"rendered":"Cookie-Richtlinie"},"content":{"rendered":"<p>[et_pb_section fb_built=&#8220;1&#8243; _builder_version=&#8220;4.14.8&#8243; _module_preset=&#8220;default&#8220; background_color=&#8220;rgba(0,0,0,0.4)&#8220; background_image=&#8220;https:\/\/jhrealestate.es\/wp-content\/uploads\/2021\/11\/banner-quiero-vender.jpg&#8220; background_blend=&#8220;overlay&#8220; custom_padding=&#8220;||0px||false|false&#8220; da_disable_devices=&#8220;off|off|off&#8220; global_colors_info=&#8220;{}&#8220; theme_builder_area=&#8220;post_content&#8220; da_is_popup=&#8220;off&#8220; da_exit_intent=&#8220;off&#8220; da_has_close=&#8220;on&#8220; da_alt_close=&#8220;off&#8220; da_dark_close=&#8220;off&#8220; da_not_modal=&#8220;on&#8220; da_is_singular=&#8220;off&#8220; da_with_loader=&#8220;off&#8220; da_has_shadow=&#8220;on&#8220;][et_pb_row _builder_version=&#8220;4.11.1&#8243; _module_preset=&#8220;default&#8220; global_colors_info=&#8220;{}&#8220; theme_builder_area=&#8220;post_content&#8220;][et_pb_column type=&#8220;4_4&#8243; _builder_version=&#8220;4.11.1&#8243; _module_preset=&#8220;default&#8220; global_colors_info=&#8220;{}&#8220; theme_builder_area=&#8220;post_content&#8220;][et_pb_text _builder_version=&#8220;4.14.8&#8243; _module_preset=&#8220;25591207-3be3-4c8e-8306-988f7d7e4abe&#8220; hover_enabled=&#8220;0&#8243; global_colors_info=&#8220;{}&#8220; theme_builder_area=&#8220;post_content&#8220; sticky_enabled=&#8220;0&#8243;]<\/p>\n<h1>Cookie Richtlinie<\/h1>\n<p>[\/et_pb_text][\/et_pb_column][\/et_pb_row][\/et_pb_section][et_pb_section fb_built=&#8220;1&#8243; _builder_version=&#8220;4.11.1&#8243; _module_preset=&#8220;default&#8220; da_disable_devices=&#8220;off|off|off&#8220; global_colors_info=&#8220;{}&#8220; theme_builder_area=&#8220;post_content&#8220; da_is_popup=&#8220;off&#8220; da_exit_intent=&#8220;off&#8220; da_has_close=&#8220;on&#8220; da_alt_close=&#8220;off&#8220; da_dark_close=&#8220;off&#8220; da_not_modal=&#8220;on&#8220; da_is_singular=&#8220;off&#8220; da_with_loader=&#8220;off&#8220; da_has_shadow=&#8220;on&#8220;][et_pb_row _builder_version=&#8220;4.11.1&#8243; _module_preset=&#8220;default&#8220; global_colors_info=&#8220;{}&#8220; theme_builder_area=&#8220;post_content&#8220;][et_pb_column type=&#8220;4_4&#8243; _builder_version=&#8220;4.11.1&#8243; _module_preset=&#8220;default&#8220; global_colors_info=&#8220;{}&#8220; theme_builder_area=&#8220;post_content&#8220;][et_pb_text _builder_version=&#8220;4.14.8&#8243; _module_preset=&#8220;default&#8220; header_3_font_size=&#8220;21px&#8220; header_3_letter_spacing=&#8220;1px&#8220; header_4_font=&#8220;Quicksand|700|||||||&#8220; header_4_font_size=&#8220;17px&#8220; custom_padding=&#8220;|||0px||&#8220; hover_enabled=&#8220;0&#8243; global_colors_info=&#8220;{}&#8220; theme_builder_area=&#8220;post_content&#8220; sticky_enabled=&#8220;0&#8243;]<\/p>\n<p data-sourcepos=\"2:1-2:1948\">Zugriff auf diese Website kann die Verwendung von <strong>Cookies<\/strong> beinhalten. Cookies sind kleine Informationsmengen, die im vom jeweiligen Nutzer verwendeten Browser \u2013 auf den verschiedenen Ger\u00e4ten, die er zum Surfen verwenden kann \u2013 gespeichert werden, damit sich der Server an bestimmte Informationen erinnert, die sp\u00e4ter und ausschlie\u00dflich vom Server, der sie implementiert hat, gelesen werden. Cookies erleichtern die Navigation, gestalten sie benutzerfreundlicher und sch\u00e4digen das Navigationsger\u00e4t nicht. Cookies sind automatische Verfahren zur Sammlung von Informationen \u00fcber die Pr\u00e4ferenzen, die der Nutzer w\u00e4hrend seines Besuchs der Website festgelegt hat, um ihn als Nutzer wiederzuerkennen, seine Erfahrung und die Nutzung der Website zu personalisieren und k\u00f6nnen auch, zum Beispiel, helfen, Fehler zu identifizieren und zu beheben. Die \u00fcber Cookies gesammelten Informationen k\u00f6nnen das Datum und die Uhrzeit der Besuche auf der Website, die angesehenen Seiten, die Verweildauer auf der Website und die unmittelbar zuvor und danach besuchten Websites umfassen. Es ist jedoch nicht m\u00f6glich, \u00fcber Cookies mit der Telefonnummer des Nutzers oder anderen pers\u00f6nlichen Kontaktm\u00f6glichkeiten in Verbindung zu treten. Keine Cookies k\u00f6nnen Informationen von der Festplatte des Nutzers extrahieren oder pers\u00f6nliche Informationen stehlen. Die einzige M\u00f6glichkeit, wie private Informationen des Nutzers Teil der Cookie-Datei werden k\u00f6nnen, ist, dass der Nutzer diese Informationen pers\u00f6nlich dem Server zur Verf\u00fcgung stellt. Cookies, die eine Person identifizieren k\u00f6nnen, gelten als personenbezogene Daten. Daher findet auf diese die zuvor beschriebene Datenschutzrichtlinie Anwendung. In diesem Sinne ist f\u00fcr deren Verwendung die Einwilligung des Nutzers erforderlich. Diese Einwilligung wird auf der Grundlage einer echten Wahl, durch eine affirmative und positive Entscheidung, vor der ersten Verarbeitung, widerruflich und dokumentiert mitgeteilt.<\/p>\n<p><\/p>\n<h3 data-sourcepos=\"6:1-6:18\">Eigene Cookies<\/h3>\n<p><\/p>\n<p data-sourcepos=\"8:1-8:496\">Dies sind Cookies, die an den Computer oder das Ger\u00e4t des Nutzers gesendet und ausschlie\u00dflich von JH Real Estate Mallorca f\u00fcr die bessere Funktion der Website verwaltet werden. Die gesammelten Informationen werden verwendet, um die Qualit\u00e4t der Website und ihrer Inhalte sowie die Nutzererfahrung zu verbessern. Diese Cookies erm\u00f6glichen es, den Nutzer als wiederkehrenden Besucher der Website zu erkennen und die Inhalte anzupassen, um ihm Inhalte anzubieten, die seinen Pr\u00e4ferenzen entsprechen.<\/p>\n<p><\/p>\n<h3 data-sourcepos=\"12:1-12:24\">Social Media Cookies<\/h3>\n<p><\/p>\n<p data-sourcepos=\"14:1-14:725\">JH Real Estate Mallorca integriert Social-Media-Plugins, die den Zugriff auf diese \u00fcber die Website erm\u00f6glichen. Aus diesem Grund k\u00f6nnen Social-Media-Cookies im Browser des Nutzers gespeichert werden. Die Betreiber dieser sozialen Netzwerke verf\u00fcgen \u00fcber eigene Datenschutz- und Cookie-Richtlinien und sind in jedem Fall selbst f\u00fcr ihre eigenen Dateien und ihre eigenen Datenschutzpraktiken verantwortlich. Der Nutzer sollte sich an diese wenden, um Informationen \u00fcber solche Cookies und gegebenenfalls \u00fcber die Verarbeitung seiner personenbezogenen Daten zu erhalten. Lediglich zu Informationszwecken sind nachfolgend die Links aufgef\u00fchrt, unter denen diese Datenschutz- und\/oder Cookie-Richtlinien eingesehen werden k\u00f6nnen:<\/p>\n<p><\/p>\n<ul data-sourcepos=\"16:1-22:0\">\n<li data-sourcepos=\"16:1-16:100\">Facebook: <a class=\"ng-star-inserted\" href=\"https:\/\/www.facebook.com\/policies\/cookies\/\" target=\"_blank\" rel=\"noopener\">https:\/\/www.facebook.com\/policies\/cookies\/<\/a><\/li>\n<li data-sourcepos=\"17:1-17:75\">Twitter: <a class=\"ng-star-inserted\" href=\"https:\/\/twitter.com\/es\/privacy\" target=\"_blank\" rel=\"noopener\">https:\/\/twitter.com\/es\/privacy<\/a><\/li>\n<li data-sourcepos=\"18:1-18:117\">Instagram: <a class=\"ng-star-inserted\" href=\"https:\/\/help.instagram.com\/1896641480634370?ref=ig\" target=\"_blank\" rel=\"noopener\">https:\/\/help.instagram.com\/1896641480634370?ref=ig<\/a><\/li>\n<li data-sourcepos=\"19:1-19:125\">YouTube: <a class=\"ng-star-inserted\" href=\"https:\/\/policies.google.com\/privacy?hl=es-419&amp;gl=mx\" target=\"_blank\" rel=\"noopener\">https:\/\/policies.google.com\/privacy?hl=es-419&amp;gl=mx<\/a><\/li>\n<li data-sourcepos=\"20:1-20:109\">Pinterest: <a class=\"ng-star-inserted\" href=\"https:\/\/policy.pinterest.com\/es\/privacy-policy\" target=\"_blank\" rel=\"noopener\">https:\/\/policy.pinterest.com\/es\/privacy-policy<\/a><\/li>\n<li data-sourcepos=\"21:1-22:0\">LinkedIn: <a class=\"ng-star-inserted\" href=\"https:\/\/www.linkedin.com\/legal\/cookie-policy?trk=hp-cookies\" target=\"_blank\" rel=\"noopener\">https:\/\/www.linkedin.com\/legal\/cookie-policy?trk=hp-cookies<\/a><\/li>\n<\/ul>\n<p><\/p>\n<h3 data-sourcepos=\"25:1-25:46\">Cookies deaktivieren, ablehnen und l\u00f6schen<\/h3>\n<p><\/p>\n<p data-sourcepos=\"27:1-27:649\">Der Nutzer kann Cookies \u2013 ganz oder teilweise \u2013 die auf seinem Ger\u00e4t installiert sind, durch die Einstellungen seines Browsers (dazu geh\u00f6ren zum Beispiel Chrome, Firefox, Safari, Explorer) deaktivieren, ablehnen und l\u00f6schen. In dieser Hinsicht k\u00f6nnen die Verfahren zum Ablehnen und L\u00f6schen von Cookies von einem Internetbrowser zum anderen variieren. Folglich muss der Nutzer die Anweisungen des von ihm verwendeten Internetbrowsers befolgen. F\u00fcr den Fall, dass die Verwendung von Cookies \u2013 ganz oder teilweise \u2013 abgelehnt wird, kann der Nutzer die Website weiterhin nutzen, wobei jedoch die Nutzung einiger ihrer Funktionen eingeschr\u00e4nkt sein kann.<\/p>\n<p>[\/et_pb_text][\/et_pb_column][\/et_pb_row][\/et_pb_section]<\/p>\n","protected":false},"excerpt":{"rendered":"<p>Cookie RichtlinieZugriff auf diese Website kann die Verwendung von Cookies beinhalten. Cookies sind kleine Informationsmengen, die im vom jeweiligen Nutzer verwendeten Browser \u2013 auf den verschiedenen Ger\u00e4ten, die er zum Surfen verwenden kann \u2013 gespeichert werden, damit sich der Server an bestimmte Informationen erinnert, die sp\u00e4ter und ausschlie\u00dflich vom Server, der sie implementiert hat, gelesen [&hellip;]<\/p>\n","protected":false},"author":1,"featured_media":0,"parent":0,"menu_order":0,"comment_status":"closed","ping_status":"closed","template":"","meta":{"_et_pb_use_builder":"on","_et_pb_old_content":"","_et_gb_content_width":"","_joinchat":[],"footnotes":""},"class_list":["post-3468","page","type-page","status-publish","hentry"],"yoast_head":"<!-- This site is optimized with the Yoast SEO plugin v26.9 - https:\/\/yoast.com\/product\/yoast-seo-wordpress\/ -->\n<title>Cookie-Richtlinie | JH Real Estate Mallorca<\/title>\n<meta name=\"robots\" content=\"noindex, nofollow\" \/>\n<meta property=\"og:locale\" content=\"de_DE\" \/>\n<meta property=\"og:type\" content=\"article\" \/>\n<meta property=\"og:title\" content=\"Cookie-Richtlinie | JH Real Estate Mallorca\" \/>\n<meta property=\"og:description\" content=\"Cookie RichtlinieZugriff auf diese Website kann die Verwendung von Cookies beinhalten. Cookies sind kleine Informationsmengen, die im vom jeweiligen Nutzer verwendeten Browser \u2013 auf den verschiedenen Ger\u00e4ten, die er zum Surfen verwenden kann \u2013 gespeichert werden, damit sich der Server an bestimmte Informationen erinnert, die sp\u00e4ter und ausschlie\u00dflich vom Server, der sie implementiert hat, gelesen [&hellip;]\" \/>\n<meta property=\"og:url\" content=\"https:\/\/jhrealestate.es\/de\/politica-de-cookies\/\" \/>\n<meta property=\"og:site_name\" content=\"JH Real Estate Mallorca\" \/>\n<meta property=\"article:publisher\" content=\"https:\/\/www.facebook.com\/jh.realestatemallorca\" \/>\n<meta property=\"article:modified_time\" content=\"2025-06-24T03:16:25+00:00\" \/>\n<meta property=\"og:image\" content=\"https:\/\/jhrealestate.es\/wp-content\/uploads\/2021\/11\/Logo-JHRE.png\" \/>\n<meta name=\"twitter:card\" content=\"summary_large_image\" \/>\n<meta name=\"twitter:title\" content=\"Cookie-Richtlinie | JH Real Estate Mallorca\" \/>\n<meta name=\"twitter:image\" content=\"https:\/\/jhrealestate.es\/wp-content\/uploads\/2021\/11\/Logo-JHRE.png\" \/>\n<meta name=\"twitter:label1\" content=\"Gesch\u00e4tzte Lesezeit\" \/>\n\t<meta name=\"twitter:data1\" content=\"5\u00a0Minuten\" \/>\n<script type=\"application\/ld+json\" class=\"yoast-schema-graph\">{\"@context\":\"https:\/\/schema.org\",\"@graph\":[{\"@type\":\"WebPage\",\"@id\":\"https:\/\/jhrealestate.es\/de\/politica-de-cookies\/\",\"url\":\"https:\/\/jhrealestate.es\/de\/politica-de-cookies\/\",\"name\":\"Cookie-Richtlinie | JH Real Estate Mallorca\",\"isPartOf\":{\"@id\":\"https:\/\/jhrealestate.es\/de\/#website\"},\"datePublished\":\"2021-11-10T20:38:39+00:00\",\"dateModified\":\"2025-06-24T03:16:25+00:00\",\"breadcrumb\":{\"@id\":\"https:\/\/jhrealestate.es\/de\/politica-de-cookies\/#breadcrumb\"},\"inLanguage\":\"de\",\"potentialAction\":[{\"@type\":\"ReadAction\",\"target\":[\"https:\/\/jhrealestate.es\/de\/politica-de-cookies\/\"]}]},{\"@type\":\"BreadcrumbList\",\"@id\":\"https:\/\/jhrealestate.es\/de\/politica-de-cookies\/#breadcrumb\",\"itemListElement\":[{\"@type\":\"ListItem\",\"position\":1,\"name\":\"Portada\",\"item\":\"https:\/\/jhrealestate.es\/de\/\"},{\"@type\":\"ListItem\",\"position\":2,\"name\":\"Cookie-Richtlinie\"}]},{\"@type\":\"WebSite\",\"@id\":\"https:\/\/jhrealestate.es\/de\/#website\",\"url\":\"https:\/\/jhrealestate.es\/de\/\",\"name\":\"JH Real Estate Mallorca\",\"description\":\"Real Estate en Mallorca\",\"publisher\":{\"@id\":\"https:\/\/jhrealestate.es\/de\/#organization\"},\"potentialAction\":[{\"@type\":\"SearchAction\",\"target\":{\"@type\":\"EntryPoint\",\"urlTemplate\":\"https:\/\/jhrealestate.es\/de\/?s={search_term_string}\"},\"query-input\":{\"@type\":\"PropertyValueSpecification\",\"valueRequired\":true,\"valueName\":\"search_term_string\"}}],\"inLanguage\":\"de\"},{\"@type\":\"Organization\",\"@id\":\"https:\/\/jhrealestate.es\/de\/#organization\",\"name\":\"JH Real Estate Mallorca\",\"url\":\"https:\/\/jhrealestate.es\/de\/\",\"logo\":{\"@type\":\"ImageObject\",\"inLanguage\":\"de\",\"@id\":\"https:\/\/jhrealestate.es\/de\/#\/schema\/logo\/image\/\",\"url\":\"https:\/\/jhrealestate.es\/wp-content\/uploads\/2021\/11\/Logo-JHRE.png\",\"contentUrl\":\"https:\/\/jhrealestate.es\/wp-content\/uploads\/2021\/11\/Logo-JHRE.png\",\"width\":252,\"height\":200,\"caption\":\"JH Real Estate Mallorca\"},\"image\":{\"@id\":\"https:\/\/jhrealestate.es\/de\/#\/schema\/logo\/image\/\"},\"sameAs\":[\"https:\/\/www.facebook.com\/jh.realestatemallorca\",\"https:\/\/www.instagram.com\/jh.realestatemallorca\",\"https:\/\/www.youtube.com\/channel\/UCwlku0kp0G8CPBZ61xelIHw\",\"https:\/\/www.linkedin.com\/in\/joseheredia1973\/\"]}]}<\/script>\n<!-- \/ Yoast SEO plugin. -->","yoast_head_json":{"title":"Cookie-Richtlinie | JH Real Estate Mallorca","robots":{"index":"noindex","follow":"nofollow"},"og_locale":"de_DE","og_type":"article","og_title":"Cookie-Richtlinie | JH Real Estate Mallorca","og_description":"Cookie RichtlinieZugriff auf diese Website kann die Verwendung von Cookies beinhalten. Cookies sind kleine Informationsmengen, die im vom jeweiligen Nutzer verwendeten Browser \u2013 auf den verschiedenen Ger\u00e4ten, die er zum Surfen verwenden kann \u2013 gespeichert werden, damit sich der Server an bestimmte Informationen erinnert, die sp\u00e4ter und ausschlie\u00dflich vom Server, der sie implementiert hat, gelesen [&hellip;]","og_url":"https:\/\/jhrealestate.es\/de\/politica-de-cookies\/","og_site_name":"JH Real Estate Mallorca","article_publisher":"https:\/\/www.facebook.com\/jh.realestatemallorca","article_modified_time":"2025-06-24T03:16:25+00:00","og_image":[{"url":"https:\/\/jhrealestate.es\/wp-content\/uploads\/2021\/11\/Logo-JHRE.png","type":"","width":"","height":""}],"twitter_card":"summary_large_image","twitter_title":"Cookie-Richtlinie | JH Real Estate Mallorca","twitter_image":"https:\/\/jhrealestate.es\/wp-content\/uploads\/2021\/11\/Logo-JHRE.png","twitter_misc":{"Gesch\u00e4tzte Lesezeit":"5\u00a0Minuten"},"schema":{"@context":"https:\/\/schema.org","@graph":[{"@type":"WebPage","@id":"https:\/\/jhrealestate.es\/de\/politica-de-cookies\/","url":"https:\/\/jhrealestate.es\/de\/politica-de-cookies\/","name":"Cookie-Richtlinie | JH Real Estate Mallorca","isPartOf":{"@id":"https:\/\/jhrealestate.es\/de\/#website"},"datePublished":"2021-11-10T20:38:39+00:00","dateModified":"2025-06-24T03:16:25+00:00","breadcrumb":{"@id":"https:\/\/jhrealestate.es\/de\/politica-de-cookies\/#breadcrumb"},"inLanguage":"de","potentialAction":[{"@type":"ReadAction","target":["https:\/\/jhrealestate.es\/de\/politica-de-cookies\/"]}]},{"@type":"BreadcrumbList","@id":"https:\/\/jhrealestate.es\/de\/politica-de-cookies\/#breadcrumb","itemListElement":[{"@type":"ListItem","position":1,"name":"Portada","item":"https:\/\/jhrealestate.es\/de\/"},{"@type":"ListItem","position":2,"name":"Cookie-Richtlinie"}]},{"@type":"WebSite","@id":"https:\/\/jhrealestate.es\/de\/#website","url":"https:\/\/jhrealestate.es\/de\/","name":"JH Real Estate Mallorca","description":"Real Estate en Mallorca","publisher":{"@id":"https:\/\/jhrealestate.es\/de\/#organization"},"potentialAction":[{"@type":"SearchAction","target":{"@type":"EntryPoint","urlTemplate":"https:\/\/jhrealestate.es\/de\/?s={search_term_string}"},"query-input":{"@type":"PropertyValueSpecification","valueRequired":true,"valueName":"search_term_string"}}],"inLanguage":"de"},{"@type":"Organization","@id":"https:\/\/jhrealestate.es\/de\/#organization","name":"JH Real Estate Mallorca","url":"https:\/\/jhrealestate.es\/de\/","logo":{"@type":"ImageObject","inLanguage":"de","@id":"https:\/\/jhrealestate.es\/de\/#\/schema\/logo\/image\/","url":"https:\/\/jhrealestate.es\/wp-content\/uploads\/2021\/11\/Logo-JHRE.png","contentUrl":"https:\/\/jhrealestate.es\/wp-content\/uploads\/2021\/11\/Logo-JHRE.png","width":252,"height":200,"caption":"JH Real Estate Mallorca"},"image":{"@id":"https:\/\/jhrealestate.es\/de\/#\/schema\/logo\/image\/"},"sameAs":["https:\/\/www.facebook.com\/jh.realestatemallorca","https:\/\/www.instagram.com\/jh.realestatemallorca","https:\/\/www.youtube.com\/channel\/UCwlku0kp0G8CPBZ61xelIHw","https:\/\/www.linkedin.com\/in\/joseheredia1973\/"]}]}},"_links":{"self":[{"href":"https:\/\/jhrealestate.es\/de\/wp-json\/wp\/v2\/pages\/3468","targetHints":{"allow":["GET"]}}],"collection":[{"href":"https:\/\/jhrealestate.es\/de\/wp-json\/wp\/v2\/pages"}],"about":[{"href":"https:\/\/jhrealestate.es\/de\/wp-json\/wp\/v2\/types\/page"}],"author":[{"embeddable":true,"href":"https:\/\/jhrealestate.es\/de\/wp-json\/wp\/v2\/users\/1"}],"replies":[{"embeddable":true,"href":"https:\/\/jhrealestate.es\/de\/wp-json\/wp\/v2\/comments?post=3468"}],"version-history":[{"count":5,"href":"https:\/\/jhrealestate.es\/de\/wp-json\/wp\/v2\/pages\/3468\/revisions"}],"predecessor-version":[{"id":14597,"href":"https:\/\/jhrealestate.es\/de\/wp-json\/wp\/v2\/pages\/3468\/revisions\/14597"}],"wp:attachment":[{"href":"https:\/\/jhrealestate.es\/de\/wp-json\/wp\/v2\/media?parent=3468"}],"curies":[{"name":"wp","href":"https:\/\/api.w.org\/{rel}","templated":true}]}}