{"id":3450,"date":"2021-11-10T21:34:27","date_gmt":"2021-11-10T20:34:27","guid":{"rendered":"https:\/\/jhrealestate.es\/aviso-legal\/"},"modified":"2025-06-24T00:34:14","modified_gmt":"2025-06-23T22:34:14","slug":"aviso-legal-2","status":"publish","type":"page","link":"https:\/\/jhrealestate.es\/fr\/aviso-legal-2\/","title":{"rendered":"Mentions l\u00e9gales"},"content":{"rendered":"<p>[et_pb_section fb_built=\u00a0\u00bb1&Prime; _builder_version=\u00a0\u00bb4.16&Prime; _module_preset=\u00a0\u00bbdefault\u00a0\u00bb background_color=\u00a0\u00bbrgba(0,0,0,0.4)\u00a0\u00bb background_image=\u00a0\u00bbhttps:\/\/jhrealestate.es\/wp-content\/uploads\/2021\/11\/banner-quiero-vender.jpg\u00a0\u00bb background_blend=\u00a0\u00bboverlay\u00a0\u00bb custom_padding=\u00a0\u00bb||0px||false|false\u00a0\u00bb da_disable_devices=\u00a0\u00bboff|off|off\u00a0\u00bb global_colors_info=\u00a0\u00bb{}\u00a0\u00bb da_is_popup=\u00a0\u00bboff\u00a0\u00bb da_exit_intent=\u00a0\u00bboff\u00a0\u00bb da_has_close=\u00a0\u00bbon\u00a0\u00bb da_alt_close=\u00a0\u00bboff\u00a0\u00bb da_dark_close=\u00a0\u00bboff\u00a0\u00bb da_not_modal=\u00a0\u00bbon\u00a0\u00bb da_is_singular=\u00a0\u00bboff\u00a0\u00bb da_with_loader=\u00a0\u00bboff\u00a0\u00bb da_has_shadow=\u00a0\u00bbon\u00a0\u00bb][et_pb_row _builder_version=\u00a0\u00bb4.16&Prime; _module_preset=\u00a0\u00bbdefault\u00a0\u00bb global_colors_info=\u00a0\u00bb{}\u00a0\u00bb][et_pb_column type=\u00a0\u00bb4_4&Prime; _builder_version=\u00a0\u00bb4.16&Prime; _module_preset=\u00a0\u00bbdefault\u00a0\u00bb global_colors_info=\u00a0\u00bb{}\u00a0\u00bb][et_pb_text _builder_version=\u00a0\u00bb4.16&Prime; _module_preset=\u00a0\u00bb25591207-3be3-4c8e-8306-988f7d7e4abe\u00a0\u00bb global_colors_info=\u00a0\u00bb{}\u00a0\u00bb]<\/p>\n<h1>Avis juridique<\/h1>\n<p>[\/et_pb_text][\/et_pb_column][\/et_pb_row][\/et_pb_section][et_pb_section fb_built=\u00a0\u00bb1&Prime; _builder_version=\u00a0\u00bb4.16&Prime; _module_preset=\u00a0\u00bbdefault\u00a0\u00bb da_disable_devices=\u00a0\u00bboff|off|off\u00a0\u00bb global_colors_info=\u00a0\u00bb{}\u00a0\u00bb da_is_popup=\u00a0\u00bboff\u00a0\u00bb da_exit_intent=\u00a0\u00bboff\u00a0\u00bb da_has_close=\u00a0\u00bbon\u00a0\u00bb da_alt_close=\u00a0\u00bboff\u00a0\u00bb da_dark_close=\u00a0\u00bboff\u00a0\u00bb da_not_modal=\u00a0\u00bbon\u00a0\u00bb da_is_singular=\u00a0\u00bboff\u00a0\u00bb da_with_loader=\u00a0\u00bboff\u00a0\u00bb da_has_shadow=\u00a0\u00bbon\u00a0\u00bb][et_pb_row _builder_version=\u00a0\u00bb4.16&Prime; _module_preset=\u00a0\u00bbdefault\u00a0\u00bb global_colors_info=\u00a0\u00bb{}\u00a0\u00bb][et_pb_column type=\u00a0\u00bb4_4&Prime; _builder_version=\u00a0\u00bb4.16&Prime; _module_preset=\u00a0\u00bbdefault\u00a0\u00bb global_colors_info=\u00a0\u00bb{}\u00a0\u00bb][et_pb_text _builder_version=\u00a0\u00bb4.27.4&Prime; _module_preset=\u00a0\u00bbdefault\u00a0\u00bb header_3_font_size=\u00a0\u00bb21px\u00a0\u00bb header_3_letter_spacing=\u00a0\u00bb1px\u00a0\u00bb header_4_font=\u00a0\u00bbQuicksand|700|||||||\u00a0\u00bb header_4_font_size=\u00a0\u00bb17px\u00a0\u00bb custom_padding=\u00a0\u00bb|||0px||\u00a0\u00bb hover_enabled=\u00a0\u00bb0&Prime; global_colors_info=\u00a0\u00bb{}\u00a0\u00bb sticky_enabled=\u00a0\u00bb0&Prime;]<\/p>\n<h3>I. INFORMATIONS G\u00c9N\u00c9RALES<\/h3>\n<p>Conform\u00e9ment au devoir d&rsquo;information pr\u00e9vu par la Loi 34\/2002 sur les Services de la Soci\u00e9t\u00e9 de l&rsquo;Information et le Commerce \u00c9lectronique (LSSI-CE) du 11 juillet, les donn\u00e9es g\u00e9n\u00e9rales suivantes concernant ce site web sont fournies :<\/p>\n<p>Le propri\u00e9taire de ce site web, www.jhrealestate.es, (ci-apr\u00e8s, le Site Web) est : Jos\u00e9 Heredia, avec NIF : X2431963N, et dont les coordonn\u00e9es sont :<\/p>\n<p>Adresse : C\/ del General Riera, 44, 2\u00ba-C, 07003 Palma, \u00celes Bal\u00e9ares<\/p>\n<p>T\u00e9l\u00e9phone de contact : +34 659 363598<\/p>\n<p>Email de contact : info@jhrealestate.es<\/p>\n<h3>II. CONDITIONS G\u00c9N\u00c9RALES D\u2019UTILISATION<\/h3>\n<h4>Objet des conditions : Le Site Web<\/h4>\n<p>Les pr\u00e9sentes Conditions G\u00e9n\u00e9rales d&rsquo;Utilisation (ci-apr\u00e8s, les Conditions) ont pour objet de r\u00e9glementer l&rsquo;acc\u00e8s et l&rsquo;utilisation du Site Web. Aux fins des pr\u00e9sentes Conditions, le Site Web est d\u00e9fini comme : l\u2019apparence externe des interfaces d\u2019\u00e9cran, qu\u2019elles soient statiques ou dynamiques, c\u2019est-\u00e0-dire la structure de navigation ; ainsi que tous les \u00e9l\u00e9ments int\u00e9gr\u00e9s \u00e0 ces interfaces et \u00e0 la structure de navigation (ci-apr\u00e8s, les Contenus), et tous les services ou ressources en ligne qu\u2019il pourrait offrir aux Utilisateurs (ci-apr\u00e8s, les Services).<\/p>\n<p>JH Real Estate Mallorca se r\u00e9serve le droit de modifier, \u00e0 tout moment et sans pr\u00e9avis, la pr\u00e9sentation et la configuration du Site Web, ainsi que les Contenus et Services qui y sont int\u00e9gr\u00e9s. L\u2019Utilisateur reconna\u00eet et accepte que JH Real Estate Mallorca puisse, \u00e0 tout moment, interrompre, d\u00e9sactiver et\/ou annuler tout \u00e9l\u00e9ment du Site Web ou l\u2019acc\u00e8s \u00e0 celui-ci.<\/p>\n<p>L\u2019acc\u00e8s au Site Web par l\u2019Utilisateur est gratuit, en r\u00e8gle g\u00e9n\u00e9rale, et ne n\u00e9cessite aucune contrepartie de la part de l\u2019Utilisateur, sauf pour les frais de connexion \u00e0 travers le r\u00e9seau de t\u00e9l\u00e9communications fourni par le fournisseur d\u2019acc\u00e8s que l\u2019Utilisateur aurait contract\u00e9.<\/p>\n<p>L\u2019utilisation de certains Contenus ou Services du Site Web peut n\u00e9cessiter une inscription ou un abonnement pr\u00e9alable de l\u2019Utilisateur.<\/p>\n<h4>L\u2019Utilisateur<\/h4>\n<p>L\u2019acc\u00e8s, la navigation et l\u2019utilisation du Site Web, ainsi que les espaces permettant l\u2019interaction entre les Utilisateurs ou entre l\u2019Utilisateur et JH Real Estate Mallorca (comme les commentaires et\/ou blogs), conf\u00e8rent la condition d\u2019Utilisateur, impliquant l\u2019acceptation pleine et enti\u00e8re des pr\u00e9sentes Conditions, ainsi que de leurs modifications ult\u00e9rieures, sans pr\u00e9judice de l&rsquo;application des r\u00e9glementations l\u00e9gales obligatoires selon les cas. \u00c9tant donn\u00e9 l\u2019importance de ce qui pr\u00e9c\u00e8de, il est recommand\u00e9 \u00e0 l\u2019Utilisateur de les lire \u00e0 chaque visite du Site Web.<\/p>\n<p>Le Site Web de JH Real Estate Mallorca offre une grande vari\u00e9t\u00e9 d\u2019informations, de services et de donn\u00e9es. L\u2019Utilisateur s\u2019engage \u00e0 utiliser correctement le Site Web. Cette responsabilit\u00e9 s\u2019\u00e9tend \u00e0 :<\/p>\n<ul>\n<li>Une utilisation des informations, Contenus et\/ou Services et donn\u00e9es propos\u00e9s par JH Real Estate Mallorca sans enfreindre les pr\u00e9sentes Conditions, la loi, la morale ou l\u2019ordre public, ni porter atteinte aux droits de tiers ou au bon fonctionnement du Site Web.<\/li>\n<li>La v\u00e9racit\u00e9 et la l\u00e9galit\u00e9 des informations fournies par l\u2019Utilisateur dans les formulaires propos\u00e9s par JH Real Estate Mallorca pour acc\u00e9der \u00e0 certains Contenus ou Services. En tout cas, l\u2019Utilisateur devra notifier imm\u00e9diatement \u00e0 JH Real Estate Mallorca tout fait permettant l\u2019utilisation abusive des informations enregistr\u00e9es dans ces formulaires, comme le vol, la perte ou l\u2019acc\u00e8s non autoris\u00e9 \u00e0 des identifiants et\/ou mots de passe, afin de proc\u00e9der \u00e0 leur annulation imm\u00e9diate.<\/li>\n<\/ul>\n<p>JH Real Estate Mallorca se r\u00e9serve le droit de retirer tous les commentaires et contributions qui enfreignent la loi, portent atteinte \u00e0 la dignit\u00e9 de la personne, sont discriminatoires, x\u00e9nophobes, racistes, pornographiques, de type spamming, portent atteinte \u00e0 la jeunesse ou \u00e0 l\u2019enfance, \u00e0 l\u2019ordre ou \u00e0 la s\u00e9curit\u00e9 publique ou qui, \u00e0 son avis, ne seraient pas appropri\u00e9s \u00e0 la publication.<\/p>\n<p>En tout \u00e9tat de cause, JH Real Estate Mallorca ne sera pas responsable des opinions exprim\u00e9es par les Utilisateurs \u00e0 travers les commentaires ou d\u2019autres outils de participation ou blogging.<\/p>\n<p>L&rsquo;acc\u00e8s \u00e0 ce Site Web ne suppose pas l\u2019\u00e9tablissement d\u2019une relation commerciale entre JH Real Estate Mallorca et l\u2019Utilisateur.<\/p>\n<p>Ce Site Web de JH Real Estate Mallorca est destin\u00e9 \u00e0 toute personne, quel que soit son \u00e2ge, pouvant acc\u00e9der et naviguer sur ses pages, dans le respect de la l\u00e9gislation en vigueur.<\/p>\n<h3>III. ACC\u00c8S ET NAVIGATION SUR LE SITE WEB : EXCLUSION DE GARANTIES ET RESPONSABILIT\u00c9<\/h3>\n<p>JH Real Estate Mallorca ne garantit pas la continuit\u00e9, la disponibilit\u00e9 ni l\u2019utilit\u00e9 du Site Web, de ses Contenus ou de ses Services. Elle fera tout son possible pour assurer le bon fonctionnement du Site Web, mais ne peut \u00eatre tenue responsable ni garantir que l\u2019acc\u00e8s \u00e0 celui-ci sera ininterrompu ou exempt d\u2019erreurs.<\/p>\n<p>Elle ne garantit pas non plus que le contenu ou le logiciel accessible via ce Site Web soit exempt d\u2019erreurs ou n\u2019endommage pas le syst\u00e8me informatique (logiciel et mat\u00e9riel) de l\u2019Utilisateur. En aucun cas, JH Real Estate Mallorca ne sera responsable des pertes, dommages ou pr\u00e9judices de toute nature r\u00e9sultant de l\u2019acc\u00e8s, la navigation et l\u2019utilisation du Site Web, y compris, mais sans s\u2019y limiter, ceux caus\u00e9s aux syst\u00e8mes informatiques ou par l\u2019introduction de virus.<\/p>\n<p>JH Real Estate Mallorca d\u00e9cline \u00e9galement toute responsabilit\u00e9 quant aux dommages qui pourraient \u00eatre caus\u00e9s par une mauvaise utilisation de ce Site Web. En particulier, elle n\u2019est en aucun cas responsable des interruptions, d\u00e9faillances ou d\u00e9fauts des t\u00e9l\u00e9communications pouvant survenir.<\/p>\n<h3>IV. POLITIQUE DE LIENS<\/h3>\n<p>Le Site Web de JH Real Estate Mallorca peut mettre \u00e0 la disposition des Utilisateurs des moyens de liaison (tels que, sans s\u2019y limiter, des liens, banni\u00e8res, boutons), des annuaires et des moteurs de recherche permettant aux Utilisateurs d\u2019acc\u00e9der \u00e0 des sites web appartenant \u00e0 et\/ou g\u00e9r\u00e9s par des tiers.<\/p>\n<p>L\u2019installation de ces liens, annuaires et moteurs de recherche vise \u00e0 faciliter la recherche et l\u2019acc\u00e8s \u00e0 l\u2019information disponible sur Internet, et ne saurait \u00eatre consid\u00e9r\u00e9e comme une suggestion, recommandation ou invitation \u00e0 les visiter.<\/p>\n<p>JH Real Estate Mallorca n\u2019offre ni ne commercialise, directement ou indirectement, les produits et\/ou services disponibles sur ces sites li\u00e9s.<\/p>\n<p>Elle ne garantit pas non plus la disponibilit\u00e9 technique, l\u2019exactitude, la v\u00e9racit\u00e9, la validit\u00e9 ou la l\u00e9galit\u00e9 des sites tiers accessibles via ces liens.<\/p>\n<p>JH Real Estate Mallorca ne r\u00e9vise ni ne contr\u00f4le en aucun cas le contenu des autres sites web, n\u2019approuve ni ne fait siens les produits, services, contenus, fichiers ou tout autre mat\u00e9riel pr\u00e9sent sur ces sites li\u00e9s.<\/p>\n<p>Elle d\u00e9cline toute responsabilit\u00e9 quant aux dommages pouvant d\u00e9couler de l\u2019acc\u00e8s, de l\u2019utilisation, de la qualit\u00e9 ou de la l\u00e9galit\u00e9 des contenus, communications, opinions, produits et services des sites web non g\u00e9r\u00e9s par JH Real Estate Mallorca et accessibles par lien depuis ce Site Web.<\/p>\n<p>L\u2019Utilisateur ou un tiers qui \u00e9tablit un lien hypertexte depuis une page web ext\u00e9rieure vers le Site Web de JH Real Estate Mallorca doit savoir que :<\/p>\n<p>La reproduction \u2013 totale ou partielle \u2013 d\u2019aucun des Contenus et\/ou Services du Site Web n\u2019est autoris\u00e9e sans l\u2019accord expr\u00e8s de JH Real Estate Mallorca.<\/p>\n<p>Aucune d\u00e9claration fausse, inexacte ou incorrecte concernant le Site Web de JH Real Estate Mallorca, ni sur ses Contenus et\/ou Services, n\u2019est autoris\u00e9e.<\/p>\n<p>Sauf pour le lien hypertexte, le site web dans lequel il est \u00e9tabli ne peut contenir aucun \u00e9l\u00e9ment prot\u00e9g\u00e9 par les droits de propri\u00e9t\u00e9 intellectuelle de l\u2019ordre juridique espagnol sans l\u2019autorisation expresse de JH Real Estate Mallorca.<\/p>\n<p>L\u2019\u00e9tablissement du lien hypertexte n\u2019implique pas l\u2019existence de relations entre JH Real Estate Mallorca et le propri\u00e9taire du site web depuis lequel il est \u00e9tabli, ni l\u2019acceptation ou l\u2019approbation par JH Real Estate Mallorca de ses contenus, services et\/ou activit\u00e9s, et inversement.<\/p>\n<h3>V. PROPRI\u00c9T\u00c9 INTELLECTUELLE ET INDUSTRIELLE<\/h3>\n<p>JH Real Estate Mallorca, en tant que titulaire ou cessionnaire, d\u00e9tient tous les droits de propri\u00e9t\u00e9 intellectuelle et industrielle du Site Web, ainsi que des \u00e9l\u00e9ments qu\u2019il contient (\u00e0 titre indicatif, sans s\u2019y limiter, images, sons, audio, vid\u00e9o, logiciels ou textes, marques ou logos, combinaisons de couleurs, structure et design, s\u00e9lection de mat\u00e9riaux utilis\u00e9s, programmes informatiques n\u00e9cessaires \u00e0 son fonctionnement, son acc\u00e8s et son utilisation, etc.). Ces \u0153uvres sont donc prot\u00e9g\u00e9es par la l\u00e9gislation espagnole sur la propri\u00e9t\u00e9 intellectuelle, ainsi que par les trait\u00e9s internationaux en la mati\u00e8re sign\u00e9s par l\u2019Espagne.<\/p>\n<p>Tous droits r\u00e9serv\u00e9s. En vertu de la Loi sur la Propri\u00e9t\u00e9 Intellectuelle, la reproduction, la distribution et la communication publique, y compris sa modalit\u00e9 de mise \u00e0 disposition, de tout ou partie des contenus de ce site web \u00e0 des fins commerciales, sur tout support et par tout moyen technique, sont express\u00e9ment interdites sans l\u2019autorisation de JH Real Estate Mallorca.<\/p>\n<p>L\u2019Utilisateur s\u2019engage \u00e0 respecter les droits de propri\u00e9t\u00e9 intellectuelle et industrielle de JH Real Estate Mallorca. Il pourra visualiser les \u00e9l\u00e9ments du Site Web et m\u00eame les imprimer, les copier et les stocker sur le disque dur de son ordinateur ou tout autre support physique, \u00e0 condition que ce soit uniquement pour son usage personnel. L\u2019Utilisateur ne pourra cependant pas supprimer, alt\u00e9rer ou manipuler tout dispositif de protection ou syst\u00e8me de s\u00e9curit\u00e9 install\u00e9 sur le Site Web.<\/p>\n<p>Si l\u2019Utilisateur ou un tiers estime qu\u2019un quelconque Contenu du Site Web constitue une violation des droits de propri\u00e9t\u00e9 intellectuelle, il devra le signaler imm\u00e9diatement \u00e0 JH Real Estate Mallorca via les coordonn\u00e9es indiqu\u00e9es dans la section INFORMATIONS G\u00c9N\u00c9RALES du pr\u00e9sent Avis L\u00e9gal et Conditions G\u00e9n\u00e9rales d\u2019Utilisation.<\/p>\n<h3>VI. ACTIONS L\u00c9GALES, L\u00c9GISLATION APPLICABLE ET JURIDICTION<\/h3>\n<p>JH Real Estate Mallorca se r\u00e9serve le droit d\u2019intenter toutes les actions civiles ou p\u00e9nales qu\u2019elle jugera n\u00e9cessaires en cas d\u2019utilisation abusive du Site Web et de ses Contenus, ou de non-respect des pr\u00e9sentes Conditions.<\/p>\n<p>La relation entre l\u2019Utilisateur et JH Real Estate Mallorca sera r\u00e9gie par la l\u00e9gislation en vigueur en Espagne. En cas de litige concernant l\u2019interpr\u00e9tation et\/ou l\u2019application de ces Conditions, les parties se soumettront aux juridictions comp\u00e9tentes conform\u00e9ment \u00e0 la loi.<\/p>\n<p>[\/et_pb_text][\/et_pb_column][\/et_pb_row][\/et_pb_section]<\/p>\n","protected":false},"excerpt":{"rendered":"<p>Avis juridiqueI. INFORMATIONS G\u00c9N\u00c9RALES Conform\u00e9ment au devoir d&rsquo;information pr\u00e9vu par la Loi 34\/2002 sur les Services de la Soci\u00e9t\u00e9 de l&rsquo;Information et le Commerce \u00c9lectronique (LSSI-CE) du 11 juillet, les donn\u00e9es g\u00e9n\u00e9rales suivantes concernant ce site web sont fournies : Le propri\u00e9taire de ce site web, www.jhrealestate.es, (ci-apr\u00e8s, le Site Web) est : Jos\u00e9 Heredia, [&hellip;]<\/p>\n","protected":false},"author":1,"featured_media":0,"parent":0,"menu_order":0,"comment_status":"closed","ping_status":"closed","template":"","meta":{"_et_pb_use_builder":"on","_et_pb_old_content":"","_et_gb_content_width":"","_joinchat":[],"footnotes":""},"class_list":["post-3450","page","type-page","status-publish","hentry"],"yoast_head":"<!-- This site is optimized with the Yoast SEO plugin v26.9 - https:\/\/yoast.com\/product\/yoast-seo-wordpress\/ -->\n<title>Mentions l\u00e9gales | JH Real Estate Mallorca<\/title>\n<meta name=\"robots\" content=\"noindex, nofollow\" \/>\n<meta property=\"og:locale\" content=\"fr_FR\" \/>\n<meta property=\"og:type\" content=\"article\" \/>\n<meta property=\"og:title\" content=\"Mentions l\u00e9gales | JH Real Estate Mallorca\" \/>\n<meta property=\"og:description\" content=\"Avis juridiqueI. INFORMATIONS G\u00c9N\u00c9RALES Conform\u00e9ment au devoir d&#039;information pr\u00e9vu par la Loi 34\/2002 sur les Services de la Soci\u00e9t\u00e9 de l&#039;Information et le Commerce \u00c9lectronique (LSSI-CE) du 11 juillet, les donn\u00e9es g\u00e9n\u00e9rales suivantes concernant ce site web sont fournies : Le propri\u00e9taire de ce site web, www.jhrealestate.es, (ci-apr\u00e8s, le Site Web) est : Jos\u00e9 Heredia, [&hellip;]\" \/>\n<meta property=\"og:url\" content=\"https:\/\/jhrealestate.es\/fr\/aviso-legal-2\/\" \/>\n<meta property=\"og:site_name\" content=\"JH Real Estate Mallorca\" \/>\n<meta property=\"article:publisher\" content=\"https:\/\/www.facebook.com\/jh.realestatemallorca\" \/>\n<meta property=\"article:modified_time\" content=\"2025-06-23T22:34:14+00:00\" \/>\n<meta property=\"og:image\" content=\"https:\/\/jhrealestate.es\/wp-content\/uploads\/2021\/11\/Logo-JHRE.png\" \/>\n<meta name=\"twitter:card\" content=\"summary_large_image\" \/>\n<meta name=\"twitter:title\" content=\"Mentions l\u00e9gales | JH Real Estate Mallorca\" \/>\n<meta name=\"twitter:image\" content=\"https:\/\/jhrealestate.es\/wp-content\/uploads\/2021\/11\/Logo-JHRE.png\" \/>\n<meta name=\"twitter:label1\" content=\"Dur\u00e9e de lecture estim\u00e9e\" \/>\n\t<meta name=\"twitter:data1\" content=\"10 minutes\" \/>\n<script type=\"application\/ld+json\" class=\"yoast-schema-graph\">{\"@context\":\"https:\/\/schema.org\",\"@graph\":[{\"@type\":\"WebPage\",\"@id\":\"https:\/\/jhrealestate.es\/fr\/aviso-legal-2\/\",\"url\":\"https:\/\/jhrealestate.es\/fr\/aviso-legal-2\/\",\"name\":\"Mentions l\u00e9gales | JH Real Estate Mallorca\",\"isPartOf\":{\"@id\":\"https:\/\/jhrealestate.es\/fr\/#website\"},\"datePublished\":\"2021-11-10T20:34:27+00:00\",\"dateModified\":\"2025-06-23T22:34:14+00:00\",\"breadcrumb\":{\"@id\":\"https:\/\/jhrealestate.es\/fr\/aviso-legal-2\/#breadcrumb\"},\"inLanguage\":\"fr-FR\",\"potentialAction\":[{\"@type\":\"ReadAction\",\"target\":[\"https:\/\/jhrealestate.es\/fr\/aviso-legal-2\/\"]}]},{\"@type\":\"BreadcrumbList\",\"@id\":\"https:\/\/jhrealestate.es\/fr\/aviso-legal-2\/#breadcrumb\",\"itemListElement\":[{\"@type\":\"ListItem\",\"position\":1,\"name\":\"Portada\",\"item\":\"https:\/\/jhrealestate.es\/fr\/\"},{\"@type\":\"ListItem\",\"position\":2,\"name\":\"Mentions l\u00e9gales\"}]},{\"@type\":\"WebSite\",\"@id\":\"https:\/\/jhrealestate.es\/fr\/#website\",\"url\":\"https:\/\/jhrealestate.es\/fr\/\",\"name\":\"JH Real Estate Mallorca\",\"description\":\"Real Estate en Mallorca\",\"publisher\":{\"@id\":\"https:\/\/jhrealestate.es\/fr\/#organization\"},\"potentialAction\":[{\"@type\":\"SearchAction\",\"target\":{\"@type\":\"EntryPoint\",\"urlTemplate\":\"https:\/\/jhrealestate.es\/fr\/?s={search_term_string}\"},\"query-input\":{\"@type\":\"PropertyValueSpecification\",\"valueRequired\":true,\"valueName\":\"search_term_string\"}}],\"inLanguage\":\"fr-FR\"},{\"@type\":\"Organization\",\"@id\":\"https:\/\/jhrealestate.es\/fr\/#organization\",\"name\":\"JH Real Estate Mallorca\",\"url\":\"https:\/\/jhrealestate.es\/fr\/\",\"logo\":{\"@type\":\"ImageObject\",\"inLanguage\":\"fr-FR\",\"@id\":\"https:\/\/jhrealestate.es\/fr\/#\/schema\/logo\/image\/\",\"url\":\"https:\/\/jhrealestate.es\/wp-content\/uploads\/2021\/11\/Logo-JHRE.png\",\"contentUrl\":\"https:\/\/jhrealestate.es\/wp-content\/uploads\/2021\/11\/Logo-JHRE.png\",\"width\":252,\"height\":200,\"caption\":\"JH Real Estate Mallorca\"},\"image\":{\"@id\":\"https:\/\/jhrealestate.es\/fr\/#\/schema\/logo\/image\/\"},\"sameAs\":[\"https:\/\/www.facebook.com\/jh.realestatemallorca\",\"https:\/\/www.instagram.com\/jh.realestatemallorca\",\"https:\/\/www.youtube.com\/channel\/UCwlku0kp0G8CPBZ61xelIHw\",\"https:\/\/www.linkedin.com\/in\/joseheredia1973\/\"]}]}<\/script>\n<!-- \/ Yoast SEO plugin. -->","yoast_head_json":{"title":"Mentions l\u00e9gales | JH Real Estate Mallorca","robots":{"index":"noindex","follow":"nofollow"},"og_locale":"fr_FR","og_type":"article","og_title":"Mentions l\u00e9gales | JH Real Estate Mallorca","og_description":"Avis juridiqueI. INFORMATIONS G\u00c9N\u00c9RALES Conform\u00e9ment au devoir d'information pr\u00e9vu par la Loi 34\/2002 sur les Services de la Soci\u00e9t\u00e9 de l'Information et le Commerce \u00c9lectronique (LSSI-CE) du 11 juillet, les donn\u00e9es g\u00e9n\u00e9rales suivantes concernant ce site web sont fournies : Le propri\u00e9taire de ce site web, www.jhrealestate.es, (ci-apr\u00e8s, le Site Web) est : Jos\u00e9 Heredia, [&hellip;]","og_url":"https:\/\/jhrealestate.es\/fr\/aviso-legal-2\/","og_site_name":"JH Real Estate Mallorca","article_publisher":"https:\/\/www.facebook.com\/jh.realestatemallorca","article_modified_time":"2025-06-23T22:34:14+00:00","og_image":[{"url":"https:\/\/jhrealestate.es\/wp-content\/uploads\/2021\/11\/Logo-JHRE.png","type":"","width":"","height":""}],"twitter_card":"summary_large_image","twitter_title":"Mentions l\u00e9gales | JH Real Estate Mallorca","twitter_image":"https:\/\/jhrealestate.es\/wp-content\/uploads\/2021\/11\/Logo-JHRE.png","twitter_misc":{"Dur\u00e9e de lecture estim\u00e9e":"10 minutes"},"schema":{"@context":"https:\/\/schema.org","@graph":[{"@type":"WebPage","@id":"https:\/\/jhrealestate.es\/fr\/aviso-legal-2\/","url":"https:\/\/jhrealestate.es\/fr\/aviso-legal-2\/","name":"Mentions l\u00e9gales | JH Real Estate Mallorca","isPartOf":{"@id":"https:\/\/jhrealestate.es\/fr\/#website"},"datePublished":"2021-11-10T20:34:27+00:00","dateModified":"2025-06-23T22:34:14+00:00","breadcrumb":{"@id":"https:\/\/jhrealestate.es\/fr\/aviso-legal-2\/#breadcrumb"},"inLanguage":"fr-FR","potentialAction":[{"@type":"ReadAction","target":["https:\/\/jhrealestate.es\/fr\/aviso-legal-2\/"]}]},{"@type":"BreadcrumbList","@id":"https:\/\/jhrealestate.es\/fr\/aviso-legal-2\/#breadcrumb","itemListElement":[{"@type":"ListItem","position":1,"name":"Portada","item":"https:\/\/jhrealestate.es\/fr\/"},{"@type":"ListItem","position":2,"name":"Mentions l\u00e9gales"}]},{"@type":"WebSite","@id":"https:\/\/jhrealestate.es\/fr\/#website","url":"https:\/\/jhrealestate.es\/fr\/","name":"JH Real Estate Mallorca","description":"Real Estate en Mallorca","publisher":{"@id":"https:\/\/jhrealestate.es\/fr\/#organization"},"potentialAction":[{"@type":"SearchAction","target":{"@type":"EntryPoint","urlTemplate":"https:\/\/jhrealestate.es\/fr\/?s={search_term_string}"},"query-input":{"@type":"PropertyValueSpecification","valueRequired":true,"valueName":"search_term_string"}}],"inLanguage":"fr-FR"},{"@type":"Organization","@id":"https:\/\/jhrealestate.es\/fr\/#organization","name":"JH Real Estate Mallorca","url":"https:\/\/jhrealestate.es\/fr\/","logo":{"@type":"ImageObject","inLanguage":"fr-FR","@id":"https:\/\/jhrealestate.es\/fr\/#\/schema\/logo\/image\/","url":"https:\/\/jhrealestate.es\/wp-content\/uploads\/2021\/11\/Logo-JHRE.png","contentUrl":"https:\/\/jhrealestate.es\/wp-content\/uploads\/2021\/11\/Logo-JHRE.png","width":252,"height":200,"caption":"JH Real Estate Mallorca"},"image":{"@id":"https:\/\/jhrealestate.es\/fr\/#\/schema\/logo\/image\/"},"sameAs":["https:\/\/www.facebook.com\/jh.realestatemallorca","https:\/\/www.instagram.com\/jh.realestatemallorca","https:\/\/www.youtube.com\/channel\/UCwlku0kp0G8CPBZ61xelIHw","https:\/\/www.linkedin.com\/in\/joseheredia1973\/"]}]}},"_links":{"self":[{"href":"https:\/\/jhrealestate.es\/fr\/wp-json\/wp\/v2\/pages\/3450","targetHints":{"allow":["GET"]}}],"collection":[{"href":"https:\/\/jhrealestate.es\/fr\/wp-json\/wp\/v2\/pages"}],"about":[{"href":"https:\/\/jhrealestate.es\/fr\/wp-json\/wp\/v2\/types\/page"}],"author":[{"embeddable":true,"href":"https:\/\/jhrealestate.es\/fr\/wp-json\/wp\/v2\/users\/1"}],"replies":[{"embeddable":true,"href":"https:\/\/jhrealestate.es\/fr\/wp-json\/wp\/v2\/comments?post=3450"}],"version-history":[{"count":4,"href":"https:\/\/jhrealestate.es\/fr\/wp-json\/wp\/v2\/pages\/3450\/revisions"}],"predecessor-version":[{"id":14565,"href":"https:\/\/jhrealestate.es\/fr\/wp-json\/wp\/v2\/pages\/3450\/revisions\/14565"}],"wp:attachment":[{"href":"https:\/\/jhrealestate.es\/fr\/wp-json\/wp\/v2\/media?parent=3450"}],"curies":[{"name":"wp","href":"https:\/\/api.w.org\/{rel}","templated":true}]}}